{"id":17,"date":"2024-02-13T11:18:00","date_gmt":"2024-02-13T11:18:00","guid":{"rendered":"https:\/\/prod-evolvewebagency.com\/amstendaggi\/?page_id=17"},"modified":"2026-01-20T16:43:12","modified_gmt":"2026-01-20T15:43:12","slug":"privacy-policy","status":"publish","type":"page","link":"https:\/\/www.pepeneroristorante.it\/en\/privacy-policy\/","title":{"rendered":"Privacy Policy"},"content":{"rendered":"<div data-elementor-type=\"wp-page\" data-elementor-id=\"17\" class=\"elementor elementor-17\" data-elementor-post-type=\"page\">\n\t\t\t\t<div class=\"elementor-element elementor-element-4c01a7db e-flex e-con-boxed e-con e-parent\" data-id=\"4c01a7db\" data-element_type=\"container\">\n\t\t\t\t\t<div class=\"e-con-inner\">\n\t\t\t\t<div class=\"elementor-element elementor-element-aa55242 elementor-widget elementor-widget-heading\" data-id=\"aa55242\" data-element_type=\"widget\" data-widget_type=\"heading.default\">\n\t\t\t\t\t<h1 class=\"elementor-heading-title elementor-size-default\">Privacy Policy<\/h1>\t\t\t\t<\/div>\n\t\t\t\t<div class=\"elementor-element elementor-element-6d5b08e elementor-widget elementor-widget-text-editor\" data-id=\"6d5b08e\" data-element_type=\"widget\" data-widget_type=\"text-editor.default\">\n\t\t\t\t\t\t\t\t\t<p><strong>La presente Informativa sulla Privacy descrive come raccogliamo, utilizziamo e gestiamo i dati personali in conformit\u00e0 all&#8217;art. 13 del D.lgs. n. 196\/03 (Codice in materia di protezione dei dati personali) e art. 13 e 14 del Regolamento Europeo 679\/2016 (di seguito anche \u201cGDPR\u201d)<\/strong><\/p><p>L&#8217;informativa \u00e8 resa per il presente sito e non anche per altri siti web eventualmente consultati dall&#8217;utente tramite link. L&#8217;informativa si ispira alla raccomandazione n. 2\/2001 che le autorit\u00e0 europee per la protezione dei dati personali, riunite nel Gruppo istituito dall&#8217;art. 29 della direttiva n. 95\/46\/CE, hanno adottato il 17 maggio 2001 per individuare alcuni requisiti minimi per la raccolta di dati personali on-line, e, in particolare, le modalit\u00e0, i tempi e la natura delle informazioni che i titolari del trattamento devono fornire agli utenti quando questi si collegano a pagine web, indipendentemente dagli scopi del collegamento. Ti invitiamo quindi a prendere visione della nostra Politica di Privacy, di seguito illustrata.<\/p><h4 id=\"titolare-trattamento-dati\">1. Titolare del trattamento dei dati<\/h4><p>Il titolare del trattamento dei dati \u00e8 Corso Sicilia, 10 \u2013 95131 Catania (CT), con sede legale in Viale Ruggero di Lauria, 43, 95127 Catania CT, email <strong>info@pepeneroristorante.it<\/strong>, telefono <strong>+39 095382368<\/strong>.<\/p><h4 id=\"responsabile-trattamento-dati\">2. Responsabile del trattamento dei dati<\/h4><p>Il responsabile del trattamento dei dati \u00e8 <strong>Corso Sicilia, 10 \u2013 95131 Catania (CT)<\/strong>. Per qualsiasi richiesta relativa al trattamento dei tuoi dati personali, puoi contattare <span style=\"font-weight: bolder;\">Nero S.r.l<\/span> all&#8217;indirizzo email <strong>info@pepeneroristorante.it<\/strong> o al numero di telefono <strong>+39 095382368<\/strong>.<\/p><h4>3. Tipologie di dati personali raccolti<\/h4><p><strong>Questo sito raccoglie i seguenti dati personali:<\/strong><\/p><ul><li>Dati identificativi (nome, cognome, indirizzo email, numero di telefono, ecc.).<\/li><li>Dati di navigazione (indirizzo IP, tipo di browser, dati di utilizzo).<\/li><li>Dati di pagamento e fatturazione, se applicabile.<\/li><li>Altre informazioni fornite volontariamente dagli utenti tramite moduli o comunicazioni dirette.<\/li><\/ul><div>\u00c8 utile conoscere che le procedure software del sito acquisiscono, nel corso del loro normale esercizio, alcuni dati personali la cui trasmissione \u00e8 implicita nell&#8217;uso dei protocolli di comunicazione di internet.<\/div><div>Pur essendo informazioni non destinate ad essere associate a utenti identificati, per loro natura, se associate ad altri dati detenuti da terzi (ad es. il suo internet service provider), potrebbero permettere l&#8217;identificazione degli utenti. In questa categoria di dati rientrano gli indirizzi IP o i nomi a dominio dei computer utilizzati dagli utenti che si connettono al sito, gli indirizzi in notazione URL (Uniform Resource Locator) delle risorse richieste, l&#8217;orario della richiesta, il metodo utilizzato nel sottoporre la richiesta al server, la dimensione del file ottenuto in risposta, il codice numerico indicante lo stato della risposta data dal server (buon fine, errore, ecc.) ed altri parametri relativi al sistema operativo e all&#8217;ambiente informatico dell&#8217;utente.<\/div><div>Questi dati sono utilizzati ai soli fini di statistiche anonime sull&#8217;uso del sito e per controllarne il corretto funzionamento.<\/div><div><a href=\"#titolare-trattamento-dati\"><strong>Il Titolare del trattamento<\/strong><\/a> e, a seconda del servizio richiesto, <a href=\"#responsabile-trattamento-dati\"><strong>il Responsabile designato <\/strong><\/a>conservano, per un periodo limitato secondo le norme di legge, il tracciato (LOG) delle connessioni\/navigazioni effettuate per rispondere alle eventuali richieste provenienti dall&#8217;autorit\u00e0 giudiziaria o da altro organo pubblico legittimato a richiedere detto tracciato per l&#8217;accertamento di eventuali responsabilit\u00e0 in caso di reati informatici.<\/div><div>A parte quanto specificato per i dati di navigazione, l&#8217;utente \u00e8 libero di conferire o meno i dati personali richiesti nel form di registrazione ai servizi. Su tale form peraltro alcuni dati possono essere contrassegnati come obbligatori; si deve intendere che tali dati sono necessari per l&#8217;erogazione del servizio richiesto. Qualora non vengano conferiti questi dati il servizio richiesto non potr\u00e0 essere erogato.<\/div><div>Al momento dell&#8217;eventuale conferimento dei dati, secondo quanto previsto dall&#8217;art. 13 del D.lgs. n. 196\/03 e dagli art. 13 e 14 del GDPR, viene fornita all&#8217;interessato un&#8217;informativa, sintetica ma completa e trasparente, sulle finalit\u00e0 e modalit\u00e0 dei trattamenti, sul carattere obbligatorio o facoltativo del conferimento dei dati, sulle conseguenze del mancato conferimento, sui soggetti o sulle categorie di soggetti cui i dati personali possono essere comunicati e l&#8217;ambito di diffusione dei dati medesimi, sui diritti di cui all&#8217;art. 7 del D.lgs. n. 196\/03 e art. 15 e ss del GDPR (accesso, integrazione, aggiornamento, correzione, cancellazione per violazione di legge, opposizione al trattamento, ecc.), sull&#8217;identit\u00e0 e sulla sede del Titolare e dei Responsabili del Trattamento.<\/div><div>L&#8217;interessato \u00e8 quindi chiamato ad esprimere il suo consenso informato, libero, espresso in forma specifica e documentato nella forma prevista dalla legge, ove richiesto dalla medesima. Qualora i conferimenti di dati personali avvengano in fasi successive, potranno essere fornite integrazioni alle informative gi\u00e0 rese in precedenza e richiesti nuovi consensi al trattamento disposti dal Codice Privacy e dal GDPR.<\/div><h4>4. Finalit\u00e0 del trattamento<\/h4><p><strong>I dati personali saranno trattati per le seguenti finalit\u00e0:<\/strong><\/p><ul><li>Fornire i servizi richiesti dall&#8217;utente.<\/li><li>Migliorare l&#8217;esperienza utente e il nostro sito web.<\/li><li>Rispondere alle richieste degli utenti.<\/li><li>Adempiere agli obblighi di legge o regolamentari.<\/li><li>Gestire eventuali controversie o reclami.<\/li><\/ul><div>Eventuali nuovi trattamenti di dati, se estranei agli scopi dichiarati, sono attivati previa nuova informativa all&#8217;interessato ed eventuale richiesta di consenso, quando richiesto dal D.lgs. n. 196\/03 e dal GDPR. In ogni caso, i dati personali non sono comunicati a terzi o diffusi senza il preventivo consenso dell&#8217;interessato, salvo nei casi espressamente indicati dall&#8217;art. 24 del D.lgs. n.196\/03 e dal GDPR.<\/div><h4>5. Base giuridica del trattamento<\/h4><p><strong>Il trattamento dei tuoi dati personali si basa su:<\/strong><\/p><ol><li>Il consenso dell&#8217;utente per le finalit\u00e0 specificate.<\/li><li>La necessit\u00e0 di eseguire un contratto o di adottare misure precontrattuali su richiesta dell&#8217;interessato.<\/li><li>L&#8217;adempimento di obblighi legali a cui siamo soggetti.<\/li><li>Il legittimo interesse del titolare del trattamento, come il miglioramento dei nostri servizi e la sicurezza.<\/li><\/ol><h4>6. Destinatari dei dati personali<\/h4><p><strong>I tuoi dati personali potranno essere condivisi con:<\/strong><\/p><ul><li>Fornitori di servizi che agiscono per conto del titolare (ad es. hosting, manutenzione IT, ecc.).<\/li><li>Autorit\u00e0 competenti, se richiesto dalla legge.<\/li><\/ul><p>In ogni caso, i tuoi dati personali non saranno venduti o ceduti a terze parti per fini commerciali senza il tuo<br \/>esplicito consenso.<\/p><h4>7. Conservazione dei dati<\/h4><p>I dati personali saranno conservati per il tempo strettamente necessario a raggiungere le finalit\u00e0 per cui sono stati raccolti, tenendo conto degli obblighi legali o regolamentari applicabili.<\/p><h4>8. Diritti dell&#8217;utente<\/h4><p><strong>Hai il diritto di:<\/strong><\/p><ul><li>Accedere ai tuoi dati personali.<\/li><li>Richiedere la rettifica o la cancellazione dei dati.<\/li><li>Opporsi al trattamento o richiederne la limitazione.<\/li><li>Ottenere la portabilit\u00e0 dei dati.<\/li><li>Revocare il consenso in qualsiasi momento, senza pregiudicare la liceit\u00e0 del trattamento basata sul consenso prima<br \/>della revoca.<\/li><\/ul><p>Per esercitare i tuoi diritti, puoi contattare il <a href=\"#responsabile-trattamento-dati\">responsabile del trattamento dei dati<\/a>.<\/p><h4>9. Misure di sicurezza<\/h4><p><a href=\"#responsabile-trattamento-dati\"><b>Il Responsabile del trattamento dei Dati<\/b><\/a> adotta misure tecniche e organizzative adeguate per garantire la sicurezza dei dati personali e prevenire accessi non autorizzati, perdite o danni.<\/p><p>Dette misure di sicurezza rispondono ovviamente ai requisiti minimi indicati dal Legislatore (Disciplinare Tecnico in materia di misure minime di sicurezza di cui agli artt. da 33 a 36 del D.lgs. n. 196\/03). I soggetti cui si riferiscono i dati personali hanno il diritto in qualunque momento di ottenere la conferma dell&#8217;esistenza o meno dei medesimi dati e di conoscerne il contenuto e l&#8217;origine, verificarne l&#8217;esattezza o chiederne l&#8217;integrazione o l&#8217;aggiornamento, oppure la rettificazione (art. 7 del D.lgs. n. 196\/03 e art. 16 del GDPR). Ai sensi del medesimo articolo l&#8217;interessato ha il diritto di chiedere la cancellazione, la trasformazione in forma anonima o il blocco dei dati trattati in violazione di legge, nonch\u00e9 di opporsi in ogni caso, per motivi legittimi, al loro trattamento.<\/p><p>La Societ\u00e0 non si assume inoltre alcuna responsabilit\u00e0 su: le regole e modalit\u00e0 di gestione dei dati personali di altri siti Web, raggiungibili dalle nostre pagine attraverso collegamenti e rimandi; i contenuti di eventuali servizi di e-mail, spazi Web, chat forum forniti agli utenti.<\/p><p>I trattamenti connessi ai servizi web offerti da questo sito hanno luogo presso la Societ\u00e0, ed eventualmente presso le sedi dei Responsabili del Trattamento e sono curati da incaricati del trattamento preposti alla gestione dei servizi richiesti, alle attivit\u00e0 di marketing &#8211; ove richieste dall&#8217;utente &#8211; alle attivit\u00e0 di conservazione dati e di occasionali operazioni di manutenzione.<\/p><h4>10. Modifiche alla Privacy Policy<\/h4><p>Questa Privacy Policy pu\u00f2 essere aggiornata periodicamente. Gli utenti saranno informati di eventuali modifiche tramite comunicazione sul sito web o altri mezzi appropriati.<\/p><p style=\"text-align: right; margin-top: 50px;\">Data di aggiornamento: <strong>20 January, 2026<\/strong><\/p>\t\t\t\t\t\t\t\t<\/div>\n\t\t\t\t\t<\/div>\n\t\t\t\t<\/div>\n\t\t\t\t<\/div>\n\t\t\n    <div class=\"xs_social_share_widget xs_share_url after_content \t\tmain_content  wslu-style-1 wslu-share-box-shaped wslu-fill-colored wslu-none wslu-share-horizontal wslu-theme-font-no wslu-main_content\">\n\n\t\t\n        <ul>\n\t\t\t        <\/ul>\n    <\/div>","protected":false},"excerpt":{"rendered":"<p>La presente Informativa sulla Privacy descrive come raccogliamo, utilizziamo e gestiamo i dati personali in conformit\u00e0 all&#8217;art. 13 del D.lgs. n. 196\/03 (Codice in materia di protezione dei dati personali) e art. 13 e 14 del Regolamento Europeo 679\/2016 (di seguito anche \u201cGDPR\u201d) L&#8217;informativa \u00e8 resa per il presente sito e non anche per altri [&hellip;]<\/p>","protected":false},"author":1,"featured_media":0,"parent":0,"menu_order":0,"comment_status":"closed","ping_status":"closed","template":"","meta":{"postBodyCss":"","postBodyMargin":[],"postBodyPadding":[],"postBodyBackground":{"backgroundType":"classic","gradient":""},"footnotes":""},"class_list":["post-17","page","type-page","status-publish","hentry"],"yoast_head":"<!-- This site is optimized with the Yoast SEO plugin v26.4 - https:\/\/yoast.com\/wordpress\/plugins\/seo\/ -->\n<title>Privacy Policy - Pepe Nero Ristorante<\/title>\n<meta name=\"robots\" content=\"index, follow, max-snippet:-1, max-image-preview:large, max-video-preview:-1\" \/>\n<link rel=\"canonical\" href=\"https:\/\/www.pepeneroristorante.it\/en\/privacy-policy\/\" \/>\n<meta property=\"og:locale\" content=\"en_GB\" \/>\n<meta property=\"og:type\" content=\"article\" \/>\n<meta property=\"og:title\" content=\"Privacy Policy - Pepe Nero Ristorante\" \/>\n<meta property=\"og:description\" content=\"La presente Informativa sulla Privacy descrive come raccogliamo, utilizziamo e gestiamo i dati personali in conformit\u00e0 all&#8217;art. 13 del D.lgs. n. 196\/03 (Codice in materia di protezione dei dati personali) e art. 13 e 14 del Regolamento Europeo 679\/2016 (di seguito anche \u201cGDPR\u201d) L&#8217;informativa \u00e8 resa per il presente sito e non anche per altri [&hellip;]\" \/>\n<meta property=\"og:url\" content=\"https:\/\/www.pepeneroristorante.it\/en\/privacy-policy\/\" \/>\n<meta property=\"og:site_name\" content=\"Pepe Nero Ristorante\" \/>\n<meta property=\"article:modified_time\" content=\"2026-01-20T15:43:12+00:00\" \/>\n<meta name=\"twitter:card\" content=\"summary_large_image\" \/>\n<meta name=\"twitter:label1\" content=\"Est. reading time\" \/>\n\t<meta name=\"twitter:data1\" content=\"8 minutes\" \/>\n<script type=\"application\/ld+json\" class=\"yoast-schema-graph\">{\"@context\":\"https:\/\/schema.org\",\"@graph\":[{\"@type\":\"WebPage\",\"@id\":\"https:\/\/www.pepeneroristorante.it\/privacy-policy\/\",\"url\":\"https:\/\/www.pepeneroristorante.it\/privacy-policy\/\",\"name\":\"Privacy Policy - Pepe Nero Ristorante\",\"isPartOf\":{\"@id\":\"https:\/\/www.pepeneroristorante.it\/#website\"},\"datePublished\":\"2024-02-13T11:18:00+00:00\",\"dateModified\":\"2026-01-20T15:43:12+00:00\",\"breadcrumb\":{\"@id\":\"https:\/\/www.pepeneroristorante.it\/privacy-policy\/#breadcrumb\"},\"inLanguage\":\"en-GB\",\"potentialAction\":[{\"@type\":\"ReadAction\",\"target\":[\"https:\/\/www.pepeneroristorante.it\/privacy-policy\/\"]}]},{\"@type\":\"BreadcrumbList\",\"@id\":\"https:\/\/www.pepeneroristorante.it\/privacy-policy\/#breadcrumb\",\"itemListElement\":[{\"@type\":\"ListItem\",\"position\":1,\"name\":\"Home\",\"item\":\"https:\/\/www.pepeneroristorante.it\/\"},{\"@type\":\"ListItem\",\"position\":2,\"name\":\"Privacy Policy\"}]},{\"@type\":\"WebSite\",\"@id\":\"https:\/\/www.pepeneroristorante.it\/#website\",\"url\":\"https:\/\/www.pepeneroristorante.it\/\",\"name\":\"Pepe Nero Ristorante\",\"description\":\"Ristorante a Catania\",\"publisher\":{\"@id\":\"https:\/\/www.pepeneroristorante.it\/#organization\"},\"potentialAction\":[{\"@type\":\"SearchAction\",\"target\":{\"@type\":\"EntryPoint\",\"urlTemplate\":\"https:\/\/www.pepeneroristorante.it\/?s={search_term_string}\"},\"query-input\":{\"@type\":\"PropertyValueSpecification\",\"valueRequired\":true,\"valueName\":\"search_term_string\"}}],\"inLanguage\":\"en-GB\"},{\"@type\":\"Organization\",\"@id\":\"https:\/\/www.pepeneroristorante.it\/#organization\",\"name\":\"Pepe Nero Ristorante\",\"url\":\"https:\/\/www.pepeneroristorante.it\/\",\"logo\":{\"@type\":\"ImageObject\",\"inLanguage\":\"en-GB\",\"@id\":\"https:\/\/www.pepeneroristorante.it\/#\/schema\/logo\/image\/\",\"url\":\"https:\/\/www.pepeneroristorante.it\/wp-content\/uploads\/2025\/11\/cropped-logo-pepenero.png\",\"contentUrl\":\"https:\/\/www.pepeneroristorante.it\/wp-content\/uploads\/2025\/11\/cropped-logo-pepenero.png\",\"width\":500,\"height\":268,\"caption\":\"Pepe Nero Ristorante\"},\"image\":{\"@id\":\"https:\/\/www.pepeneroristorante.it\/#\/schema\/logo\/image\/\"}}]}<\/script>\n<!-- \/ Yoast SEO plugin. -->","yoast_head_json":{"title":"Privacy Policy - Pepe Nero Ristorante","robots":{"index":"index","follow":"follow","max-snippet":"max-snippet:-1","max-image-preview":"max-image-preview:large","max-video-preview":"max-video-preview:-1"},"canonical":"https:\/\/www.pepeneroristorante.it\/en\/privacy-policy\/","og_locale":"en_GB","og_type":"article","og_title":"Privacy Policy - Pepe Nero Ristorante","og_description":"La presente Informativa sulla Privacy descrive come raccogliamo, utilizziamo e gestiamo i dati personali in conformit\u00e0 all&#8217;art. 13 del D.lgs. n. 196\/03 (Codice in materia di protezione dei dati personali) e art. 13 e 14 del Regolamento Europeo 679\/2016 (di seguito anche \u201cGDPR\u201d) L&#8217;informativa \u00e8 resa per il presente sito e non anche per altri [&hellip;]","og_url":"https:\/\/www.pepeneroristorante.it\/en\/privacy-policy\/","og_site_name":"Pepe Nero Ristorante","article_modified_time":"2026-01-20T15:43:12+00:00","twitter_card":"summary_large_image","twitter_misc":{"Est. reading time":"8 minutes"},"schema":{"@context":"https:\/\/schema.org","@graph":[{"@type":"WebPage","@id":"https:\/\/www.pepeneroristorante.it\/privacy-policy\/","url":"https:\/\/www.pepeneroristorante.it\/privacy-policy\/","name":"Privacy Policy - Pepe Nero Ristorante","isPartOf":{"@id":"https:\/\/www.pepeneroristorante.it\/#website"},"datePublished":"2024-02-13T11:18:00+00:00","dateModified":"2026-01-20T15:43:12+00:00","breadcrumb":{"@id":"https:\/\/www.pepeneroristorante.it\/privacy-policy\/#breadcrumb"},"inLanguage":"en-GB","potentialAction":[{"@type":"ReadAction","target":["https:\/\/www.pepeneroristorante.it\/privacy-policy\/"]}]},{"@type":"BreadcrumbList","@id":"https:\/\/www.pepeneroristorante.it\/privacy-policy\/#breadcrumb","itemListElement":[{"@type":"ListItem","position":1,"name":"Home","item":"https:\/\/www.pepeneroristorante.it\/"},{"@type":"ListItem","position":2,"name":"Privacy Policy"}]},{"@type":"WebSite","@id":"https:\/\/www.pepeneroristorante.it\/#website","url":"https:\/\/www.pepeneroristorante.it\/","name":"Pepe Nero Ristorante","description":"Ristorante a Catania","publisher":{"@id":"https:\/\/www.pepeneroristorante.it\/#organization"},"potentialAction":[{"@type":"SearchAction","target":{"@type":"EntryPoint","urlTemplate":"https:\/\/www.pepeneroristorante.it\/?s={search_term_string}"},"query-input":{"@type":"PropertyValueSpecification","valueRequired":true,"valueName":"search_term_string"}}],"inLanguage":"en-GB"},{"@type":"Organization","@id":"https:\/\/www.pepeneroristorante.it\/#organization","name":"Pepe Nero Ristorante","url":"https:\/\/www.pepeneroristorante.it\/","logo":{"@type":"ImageObject","inLanguage":"en-GB","@id":"https:\/\/www.pepeneroristorante.it\/#\/schema\/logo\/image\/","url":"https:\/\/www.pepeneroristorante.it\/wp-content\/uploads\/2025\/11\/cropped-logo-pepenero.png","contentUrl":"https:\/\/www.pepeneroristorante.it\/wp-content\/uploads\/2025\/11\/cropped-logo-pepenero.png","width":500,"height":268,"caption":"Pepe Nero Ristorante"},"image":{"@id":"https:\/\/www.pepeneroristorante.it\/#\/schema\/logo\/image\/"}}]}},"_links":{"self":[{"href":"https:\/\/www.pepeneroristorante.it\/en\/wp-json\/wp\/v2\/pages\/17","targetHints":{"allow":["GET"]}}],"collection":[{"href":"https:\/\/www.pepeneroristorante.it\/en\/wp-json\/wp\/v2\/pages"}],"about":[{"href":"https:\/\/www.pepeneroristorante.it\/en\/wp-json\/wp\/v2\/types\/page"}],"author":[{"embeddable":true,"href":"https:\/\/www.pepeneroristorante.it\/en\/wp-json\/wp\/v2\/users\/1"}],"replies":[{"embeddable":true,"href":"https:\/\/www.pepeneroristorante.it\/en\/wp-json\/wp\/v2\/comments?post=17"}],"version-history":[{"count":0,"href":"https:\/\/www.pepeneroristorante.it\/en\/wp-json\/wp\/v2\/pages\/17\/revisions"}],"wp:attachment":[{"href":"https:\/\/www.pepeneroristorante.it\/en\/wp-json\/wp\/v2\/media?parent=17"}],"curies":[{"name":"wp","href":"https:\/\/api.w.org\/{rel}","templated":true}]}}