{"id":18,"date":"2024-02-13T11:15:34","date_gmt":"2024-02-13T11:15:34","guid":{"rendered":"https:\/\/prod-evolvewebagency.com\/amstendaggi\/?page_id=18"},"modified":"2026-01-20T16:48:47","modified_gmt":"2026-01-20T15:48:47","slug":"cookies-policy","status":"publish","type":"page","link":"https:\/\/www.pepeneroristorante.it\/en\/cookies-policy\/","title":{"rendered":"Cookies Policy"},"content":{"rendered":"<div data-elementor-type=\"wp-page\" data-elementor-id=\"18\" class=\"elementor elementor-18\" data-elementor-post-type=\"page\">\n\t\t\t\t<div class=\"elementor-element elementor-element-3c568f03 e-flex e-con-boxed e-con e-parent\" data-id=\"3c568f03\" data-element_type=\"container\">\n\t\t\t\t\t<div class=\"e-con-inner\">\n\t\t\t\t<div class=\"elementor-element elementor-element-188ca30 elementor-widget elementor-widget-heading\" data-id=\"188ca30\" data-element_type=\"widget\" data-widget_type=\"heading.default\">\n\t\t\t\t\t<h1 class=\"elementor-heading-title elementor-size-default\">Cookies Policy<\/h1>\t\t\t\t<\/div>\n\t\t\t\t<div class=\"elementor-element elementor-element-1e9820d2 elementor-widget elementor-widget-text-editor\" data-id=\"1e9820d2\" data-element_type=\"widget\" data-widget_type=\"text-editor.default\">\n\t\t\t\t\t\t\t\t\t<p><br \/>Informativa ai sensi dell&#8217;articolo 13 del D.lgs. n.196\/2003 e ai sensi dell&#8217;art. 13 e 14 del Regolamento Europeo 679\/2016 (di seguito anche il \u201cGDPR\u201d).<\/p><h4>Che cosa sono i cookie<\/h4><p>Il cookie \u00e8 un piccolo file di testo (pochi byte) scambiato tra un sito internet ed il suo browser e utilizzato dal gestore del sito per memorizzare le informazioni necessarie per il corretto funzionamento del sito (cd. cookie di navigazione) per il tuo riconoscimento ogni volta che accedi al sito (cd. cookie funzionali), per creare il tuo profilo al fine di inviare messaggi pubblicitari in linea con le preferenze da te manifestate (cd. cookie di profilazione). I cookie possono essere gestiti direttamente dal titolare del sito (cd. cookie di prima parte) o da soggetti terzi estranei al sito (cd. cookie di terza parte).<\/p><h4>Tipologie e finalit\u00e0 dei cookie<\/h4><p><strong>Cookie Tecnici:<\/strong><\/p><ul><li>Cookie di Navigazione: Questi cookie permettono al sito di funzionare correttamente per l&#8217;erogazione dei servizi richiesti e gestire la tua esperienza di navigazione<\/li><li>Cookie Funzionali: Questi cookie permettono al sito di riconoscerti ogni volta che accedi<\/li><li>Cookie Analytics: Questi cookie sono finalizzati ad elaborare analisi statistiche sulle tue modalit\u00e0 di navigazione. E&#8217; un cookie anonimo e non raccoglie le tue informazioni personali Per l&#8217;installazione di tali cookie non \u00e8 richiesto il tuo preventivo consenso<\/li><\/ul><p><strong>Cookie di terze parti:<\/strong><\/p><ul><li>Cookie Social plug-in: Questi cookie consentono di farti condividere i contenuti con una vasta gamma di piattaforme di social network<\/li><\/ul><p>Per l&#8217;installazione di tali cookie \u00e8 richiesto una adeguata informativa ed il tuo preventivo consenso<\/p><h4>Come prestare il consenso<\/h4><p>Il tuo consenso \u00e8 raccolto inizialmente cliccando sull&#8217;elemento &#8220;Accetto&#8221; presente all&#8217;interno dell&#8217;informativa breve che compare in Home Page e potrai revocarlo in ogni momento seguendo le procedure espresse nel relativo paragrafo.<\/p><h4>Natura del conferimento dei dati e conseguenze di un eventuale rifiuto<\/h4><p>L&#8217;installazione dei cookie Tecnici non \u00e8 soggetta al tuo preventivo consenso essendo gli stessi strettamente necessari ad effettuare la trasmissione della comunicazione su una rete di comunicazione elettronica.<\/p><p>L&#8217;installazione dei cookie di Terze Parti richiede il tuo preventivo consenso come dettagliato nel relativo paragrafo. Un tuo diniego non impedisce la navigazione sul sito<\/p><h4>Dettaglio dei cookie presenti su questo sito<\/h4><table class=\"responsive-table\"><tbody><tr><td>Cookie Funzionali<\/td><td>Piattaforma interna &#8211; (cc_cookie Session Accept)<\/td><td>Questo cookie segnala al sito se mostrare la pop-up che chiede il consenso ai cookie. Quando l&#8217;utente accetta, un cookie memorizza l&#8217;azione e non mostra pi\u00f9 la pop-up<\/td><\/tr><tr><td>Cookie Analitici di Statistica &#8211; Cookie tecnico<\/td><td>Google Analytics (utma, utmc, utmb, utmz)<\/td><td>Strumento Gratuito volto a elaborare analisi statistiche sulle modalit\u00e0 di navigazione degli utenti (es. durata della sessione, numero di pagine viste, Browser utilizzato, sistema operativo, sesso, et\u00e0, genere, zona geografica di collegamento ecc). Questo \u00e8 un cookie anonimo e non raccoglie informazioni personali degli utenti. Per il sito \u00e8 un cookie necessario e sempre attivo.<br \/>Per ulteriori info <u><a href=\"http:\/\/www.google.com\/analytics\/learn\/privacy.html\" target=\"_blank\" rel=\"noopener\">http:\/\/www.google.com\/analytics\/learn\/privacy.htm\u2026<br \/><\/a><\/u>Per ulteriori informazioni, si rinvia al link di seguito indicato: <u><a href=\"https:\/\/www.google.it\/policies\/privacy\/partners\/\" target=\"_blank\" rel=\"noopener\">https:\/\/www.google.it\/policies\/privacy\/partners\/<br \/><\/a><\/u>L&#8217;utente pu\u00f2 disabilitare in modo selettivo l&#8217;azione di Google Analytics installando sul proprio browser la componente di opt-out fornito da Google. Per disabilitare l&#8217;azione di Google Analytics, si rinvia al link di seguito indicato: <u><a href=\"https:\/\/tools.google.com\/dlpage\/gaoptout\" target=\"_blank\" rel=\"noopener\">https:\/\/tools.google.com\/dlpage\/gaoptout<\/a><\/u><\/td><\/tr><tr><td>Cookie Social Plugin<\/td><td>Social Media Plugin (atuvc) Facebook<\/td><td>Sono cookie per consentire ai visitatori di condividere i contenuti con una vasta gamma di piattaforme di social network (memorizza il numero di Mi Piace ad esempio)<br \/>Facebook informativa: <u><a href=\"https:\/\/www.facebook.com\/help\/cookies\/\" target=\"_blank\" rel=\"noopener\">https:\/\/www.facebook.com\/help\/cookies\/<br \/><\/a><\/u>Facebook (configurazione): accedere al proprio account. Sezione privacy.<\/td><\/tr><tr><td>Cookie Social Plugin<\/td><td>Social Media Plugin (atuvc) Twitter<\/td><td>Sono cookie per consentire ai visitatori di condividere i contenuti con una vasta gamma di piattaforme di social network (memorizza il numero di Mi Piace ad esempio)<br \/>Twitter informative: <u><a href=\"https:\/\/support.twitter.com\/articles\/20170514\" target=\"_blank\" rel=\"noopener\">https:\/\/support.twitter.com\/articles\/20170514<br \/><\/a><\/u>Twitter (configurazione): <u><a href=\"https:\/\/twitter.com\/settings\/security\" target=\"_blank\" rel=\"noopener\">https:\/\/support.twitter.com\/articles\/20170514<\/a><\/u><\/td><\/tr><tr><td>Cookie Social Plugin<\/td><td>Social Media Plugin (atuvc) GooglePlus<\/td><td>Sono cookie per consentire ai visitatori di condividere i contenuti con una vasta gamma di piattaforme di social network (memorizza il numero di Mi Piace ad esempio)<br \/>Google+ informativa: <u><a href=\"http:\/\/www.google.it\/intl\/it\/policies\/technologies\/cookies\/\" target=\"_blank\" rel=\"noopener\">http:\/\/www.google.it\/intl\/it\/policies\/technologie\u2026<br \/><\/a><\/u>Google+ (configurazione): <u><a href=\"http:\/\/www.google.it\/intl\/it\/policies\/technologies\/managing\/\" target=\"_blank\" rel=\"noopener\">http:\/\/www.google.it\/intl\/it\/policies\/technologie\u2026<\/a><\/u><\/td><\/tr><tr><td>Cookie Remarketing\/Retargeting<\/td><td>\u00a0<\/td><td>Sono Cookie che Google installa per le Campagne Adwords. Per disabilitare i cookie: <u><a href=\"https:\/\/www.google.com\/settings\/u\/0\/ads\/authenticated?hl=it\" target=\"_blank\" rel=\"noopener\">https:\/\/www.google.com\/settings\/u\/0\/ads\/authenticated?hl=it<\/a><\/u><\/td><\/tr><\/tbody><\/table><h4>Come disabilitare i cookie dai principali browser<\/h4><p>La disabilitazione totale o parziale dei cookie Tecnici pu\u00f2 compromettere l&#8217;utilizzo delle funzionalit\u00e0 del sito.<\/p><p>La disabilitazione dei cookie di Terze Parti non pregiudica in alcun modo la navigabilit\u00e0 del sito.<\/p><p>Per la disabilitazione oltre ai link suindicati potrai accedere al tuo browser per accettare o meno i diversi tipi di cookie e procedere alla loro rimozione.<\/p><p>Di seguito i link dei principali browser che ti permetteranno tale scelta:<\/p><ul><li>Chrome: <a href=\"https:\/\/support.google.com\/chrome\/answer\/95647?hl=it\" target=\"_blank\" rel=\"noopener noreferrer\">https:\/\/support.google.com\/chrome\/answer\/95647?hl=it<\/a><\/li><li>Firefox: <a href=\"https:\/\/support.mozilla.org\/it\/kb\/Gestione%20dei%20cookie\" target=\"_blank\" rel=\"noopener noreferrer\">https:\/\/support.mozilla.org\/it\/kb\/Gestione%20dei%20cookie<\/a><\/li><li>Internet Explorer: <a href=\"https:\/\/support.microsoft.com\/it-it\/help\/4027947\/windows-delete-cookies\" target=\"_blank\" rel=\"noopener noreferrer\">https:\/\/support.microsoft.com\/it-it\/help\/4027947\/windows-delete-cookies<\/a><\/li><li>Opera: <a href=\"https:\/\/help.opera.com\/en\/latest\/security-and-privacy\/\" target=\"_blank\" rel=\"noopener noreferrer\">https:\/\/help.opera.com\/en\/latest\/security-and-privacy\/<\/a><\/li><li>Safari: <a href=\"https:\/\/support.apple.com\/it-it\/HT201265\" target=\"_blank\" rel=\"noopener noreferrer\">https:\/\/support.apple.com\/it-it\/HT201265<\/a><\/li><\/ul><h4>Finalit\u00e0 del trattamento dati<\/h4><ol><li>Esecuzione di autenticazioni informatiche<\/li><li>Ottimizzazione della navigazione dell&#8217;utente<\/li><li>Monitoraggio delle sessioni ed analisi statistica anonima<\/li><\/ol><h4>Modalit\u00e0 di trattamento dei dati<\/h4><p>Il trattamento dei dati viene effettuato con strumenti elettronici, con logiche strettamente correlate alle finalit\u00e0 sopra indicate e, comunque, in modo da garantire la sicurezza e la riservatezza dei dati stessi.<\/p><h4>Soggetti ai quali i dati possono essere comunicati<\/h4><p>I dati possono essere comunicati a tutti i soggetti che svolgono a favore della societ\u00e0 attivit\u00e0 necessaria per l&#8217;erogazione dei cookie come su dettagliati a tuo favore. I soggetti appartenenti alle predette categorie, ai quali i dati possono essere comunicati, utilizzeranno i dati in qualit\u00e0 di &#8220;titolari&#8221; in piena autonomia.<\/p><h4>Diritti del&#8217;interessato<\/h4><p>Avrai diritto di ottenere dalla Societ\u00e0 la conferma dell&#8217;esistenza o meno di dati personali che ti riguardano, l&#8217;indicazione dell&#8217;origine dei dati personali, delle finalit\u00e0 e modalit\u00e0 del trattamento, della logica applicata, in caso di trattamento effettuato con l&#8217;ausilio di strumenti elettronici, nonch\u00e9 dei soggetti o delle categorie di soggetti ai quali i dati personali possono essere comunicati o che possono venirne a conoscenza in qualit\u00e0 di responsabili o incaricati; avrai inoltre diritto alla cancellazione, alla trasformazione in forma anonima o al blocco dei dati trattati in violazione di legge, alla portabilit\u00e0 dei tuoi dati, nonch\u00e9 l&#8217;aggiornamento, la rettificazione, la limitazione ovvero, qualora lo richieda, l&#8217;integrazione o di ricevere una copia dei dati oggetto di trattamento. Avrai inoltre diritto a proporre reclamo davanti al Garante Privacy.<\/p><p>Per qualsiasi comunicazione inerente il trattamento dei dati personali da parte della Societ\u00e0 potrai prendere contatti ai riferimenti indicati all&#8217;interno del sito.<\/p>\t\t\t\t\t\t\t\t<\/div>\n\t\t\t\t\t<\/div>\n\t\t\t\t<\/div>\n\t\t\t\t<\/div>\n\t\t\n    <div class=\"xs_social_share_widget xs_share_url after_content \t\tmain_content  wslu-style-1 wslu-share-box-shaped wslu-fill-colored wslu-none wslu-share-horizontal wslu-theme-font-no wslu-main_content\">\n\n\t\t\n        <ul>\n\t\t\t        <\/ul>\n    <\/div>","protected":false},"excerpt":{"rendered":"<p>Informativa ai sensi dell&#8217;articolo 13 del D.lgs. n.196\/2003 e ai sensi dell&#8217;art. 13 e 14 del Regolamento Europeo 679\/2016 (di seguito anche il \u201cGDPR\u201d). Che cosa sono i cookie Il cookie \u00e8 un piccolo file di testo (pochi byte) scambiato tra un sito internet ed il suo browser e utilizzato dal gestore del sito per [&hellip;]<\/p>","protected":false},"author":1,"featured_media":0,"parent":0,"menu_order":0,"comment_status":"closed","ping_status":"closed","template":"","meta":{"postBodyCss":"","postBodyMargin":[],"postBodyPadding":[],"postBodyBackground":{"backgroundType":"classic","gradient":""},"footnotes":""},"class_list":["post-18","page","type-page","status-publish","hentry"],"yoast_head":"<!-- This site is optimized with the Yoast SEO plugin v26.4 - https:\/\/yoast.com\/wordpress\/plugins\/seo\/ -->\n<title>Cookies Policy - Pepe Nero Ristorante<\/title>\n<meta name=\"robots\" content=\"index, follow, max-snippet:-1, max-image-preview:large, max-video-preview:-1\" \/>\n<link rel=\"canonical\" href=\"https:\/\/www.pepeneroristorante.it\/en\/cookies-policy\/\" \/>\n<meta property=\"og:locale\" content=\"en_GB\" \/>\n<meta property=\"og:type\" content=\"article\" \/>\n<meta property=\"og:title\" content=\"Cookies Policy - Pepe Nero Ristorante\" \/>\n<meta property=\"og:description\" content=\"Informativa ai sensi dell&#8217;articolo 13 del D.lgs. n.196\/2003 e ai sensi dell&#8217;art. 13 e 14 del Regolamento Europeo 679\/2016 (di seguito anche il \u201cGDPR\u201d). Che cosa sono i cookie Il cookie \u00e8 un piccolo file di testo (pochi byte) scambiato tra un sito internet ed il suo browser e utilizzato dal gestore del sito per [&hellip;]\" \/>\n<meta property=\"og:url\" content=\"https:\/\/www.pepeneroristorante.it\/en\/cookies-policy\/\" \/>\n<meta property=\"og:site_name\" content=\"Pepe Nero Ristorante\" \/>\n<meta property=\"article:modified_time\" content=\"2026-01-20T15:48:47+00:00\" \/>\n<meta name=\"twitter:card\" content=\"summary_large_image\" \/>\n<meta name=\"twitter:label1\" content=\"Est. reading time\" \/>\n\t<meta name=\"twitter:data1\" content=\"6 minutes\" \/>\n<script type=\"application\/ld+json\" class=\"yoast-schema-graph\">{\"@context\":\"https:\/\/schema.org\",\"@graph\":[{\"@type\":\"WebPage\",\"@id\":\"https:\/\/www.pepeneroristorante.it\/cookies-policy\/\",\"url\":\"https:\/\/www.pepeneroristorante.it\/cookies-policy\/\",\"name\":\"Cookies Policy - Pepe Nero Ristorante\",\"isPartOf\":{\"@id\":\"https:\/\/www.pepeneroristorante.it\/#website\"},\"datePublished\":\"2024-02-13T11:15:34+00:00\",\"dateModified\":\"2026-01-20T15:48:47+00:00\",\"breadcrumb\":{\"@id\":\"https:\/\/www.pepeneroristorante.it\/cookies-policy\/#breadcrumb\"},\"inLanguage\":\"en-GB\",\"potentialAction\":[{\"@type\":\"ReadAction\",\"target\":[\"https:\/\/www.pepeneroristorante.it\/cookies-policy\/\"]}]},{\"@type\":\"BreadcrumbList\",\"@id\":\"https:\/\/www.pepeneroristorante.it\/cookies-policy\/#breadcrumb\",\"itemListElement\":[{\"@type\":\"ListItem\",\"position\":1,\"name\":\"Home\",\"item\":\"https:\/\/www.pepeneroristorante.it\/\"},{\"@type\":\"ListItem\",\"position\":2,\"name\":\"Cookies Policy\"}]},{\"@type\":\"WebSite\",\"@id\":\"https:\/\/www.pepeneroristorante.it\/#website\",\"url\":\"https:\/\/www.pepeneroristorante.it\/\",\"name\":\"Pepe Nero Ristorante\",\"description\":\"Ristorante a Catania\",\"publisher\":{\"@id\":\"https:\/\/www.pepeneroristorante.it\/#organization\"},\"potentialAction\":[{\"@type\":\"SearchAction\",\"target\":{\"@type\":\"EntryPoint\",\"urlTemplate\":\"https:\/\/www.pepeneroristorante.it\/?s={search_term_string}\"},\"query-input\":{\"@type\":\"PropertyValueSpecification\",\"valueRequired\":true,\"valueName\":\"search_term_string\"}}],\"inLanguage\":\"en-GB\"},{\"@type\":\"Organization\",\"@id\":\"https:\/\/www.pepeneroristorante.it\/#organization\",\"name\":\"Pepe Nero Ristorante\",\"url\":\"https:\/\/www.pepeneroristorante.it\/\",\"logo\":{\"@type\":\"ImageObject\",\"inLanguage\":\"en-GB\",\"@id\":\"https:\/\/www.pepeneroristorante.it\/#\/schema\/logo\/image\/\",\"url\":\"https:\/\/www.pepeneroristorante.it\/wp-content\/uploads\/2025\/11\/cropped-logo-pepenero.png\",\"contentUrl\":\"https:\/\/www.pepeneroristorante.it\/wp-content\/uploads\/2025\/11\/cropped-logo-pepenero.png\",\"width\":500,\"height\":268,\"caption\":\"Pepe Nero Ristorante\"},\"image\":{\"@id\":\"https:\/\/www.pepeneroristorante.it\/#\/schema\/logo\/image\/\"}}]}<\/script>\n<!-- \/ Yoast SEO plugin. -->","yoast_head_json":{"title":"Cookies Policy - Pepe Nero Ristorante","robots":{"index":"index","follow":"follow","max-snippet":"max-snippet:-1","max-image-preview":"max-image-preview:large","max-video-preview":"max-video-preview:-1"},"canonical":"https:\/\/www.pepeneroristorante.it\/en\/cookies-policy\/","og_locale":"en_GB","og_type":"article","og_title":"Cookies Policy - Pepe Nero Ristorante","og_description":"Informativa ai sensi dell&#8217;articolo 13 del D.lgs. n.196\/2003 e ai sensi dell&#8217;art. 13 e 14 del Regolamento Europeo 679\/2016 (di seguito anche il \u201cGDPR\u201d). Che cosa sono i cookie Il cookie \u00e8 un piccolo file di testo (pochi byte) scambiato tra un sito internet ed il suo browser e utilizzato dal gestore del sito per [&hellip;]","og_url":"https:\/\/www.pepeneroristorante.it\/en\/cookies-policy\/","og_site_name":"Pepe Nero Ristorante","article_modified_time":"2026-01-20T15:48:47+00:00","twitter_card":"summary_large_image","twitter_misc":{"Est. reading time":"6 minutes"},"schema":{"@context":"https:\/\/schema.org","@graph":[{"@type":"WebPage","@id":"https:\/\/www.pepeneroristorante.it\/cookies-policy\/","url":"https:\/\/www.pepeneroristorante.it\/cookies-policy\/","name":"Cookies Policy - Pepe Nero Ristorante","isPartOf":{"@id":"https:\/\/www.pepeneroristorante.it\/#website"},"datePublished":"2024-02-13T11:15:34+00:00","dateModified":"2026-01-20T15:48:47+00:00","breadcrumb":{"@id":"https:\/\/www.pepeneroristorante.it\/cookies-policy\/#breadcrumb"},"inLanguage":"en-GB","potentialAction":[{"@type":"ReadAction","target":["https:\/\/www.pepeneroristorante.it\/cookies-policy\/"]}]},{"@type":"BreadcrumbList","@id":"https:\/\/www.pepeneroristorante.it\/cookies-policy\/#breadcrumb","itemListElement":[{"@type":"ListItem","position":1,"name":"Home","item":"https:\/\/www.pepeneroristorante.it\/"},{"@type":"ListItem","position":2,"name":"Cookies Policy"}]},{"@type":"WebSite","@id":"https:\/\/www.pepeneroristorante.it\/#website","url":"https:\/\/www.pepeneroristorante.it\/","name":"Pepe Nero Ristorante","description":"Ristorante a Catania","publisher":{"@id":"https:\/\/www.pepeneroristorante.it\/#organization"},"potentialAction":[{"@type":"SearchAction","target":{"@type":"EntryPoint","urlTemplate":"https:\/\/www.pepeneroristorante.it\/?s={search_term_string}"},"query-input":{"@type":"PropertyValueSpecification","valueRequired":true,"valueName":"search_term_string"}}],"inLanguage":"en-GB"},{"@type":"Organization","@id":"https:\/\/www.pepeneroristorante.it\/#organization","name":"Pepe Nero Ristorante","url":"https:\/\/www.pepeneroristorante.it\/","logo":{"@type":"ImageObject","inLanguage":"en-GB","@id":"https:\/\/www.pepeneroristorante.it\/#\/schema\/logo\/image\/","url":"https:\/\/www.pepeneroristorante.it\/wp-content\/uploads\/2025\/11\/cropped-logo-pepenero.png","contentUrl":"https:\/\/www.pepeneroristorante.it\/wp-content\/uploads\/2025\/11\/cropped-logo-pepenero.png","width":500,"height":268,"caption":"Pepe Nero Ristorante"},"image":{"@id":"https:\/\/www.pepeneroristorante.it\/#\/schema\/logo\/image\/"}}]}},"_links":{"self":[{"href":"https:\/\/www.pepeneroristorante.it\/en\/wp-json\/wp\/v2\/pages\/18","targetHints":{"allow":["GET"]}}],"collection":[{"href":"https:\/\/www.pepeneroristorante.it\/en\/wp-json\/wp\/v2\/pages"}],"about":[{"href":"https:\/\/www.pepeneroristorante.it\/en\/wp-json\/wp\/v2\/types\/page"}],"author":[{"embeddable":true,"href":"https:\/\/www.pepeneroristorante.it\/en\/wp-json\/wp\/v2\/users\/1"}],"replies":[{"embeddable":true,"href":"https:\/\/www.pepeneroristorante.it\/en\/wp-json\/wp\/v2\/comments?post=18"}],"version-history":[{"count":0,"href":"https:\/\/www.pepeneroristorante.it\/en\/wp-json\/wp\/v2\/pages\/18\/revisions"}],"wp:attachment":[{"href":"https:\/\/www.pepeneroristorante.it\/en\/wp-json\/wp\/v2\/media?parent=18"}],"curies":[{"name":"wp","href":"https:\/\/api.w.org\/{rel}","templated":true}]}}